{"id":2,"date":"2024-03-05T09:21:12","date_gmt":"2024-03-05T08:21:12","guid":{"rendered":"http:\/\/lislecitoyenne.fr\/?page_id=2"},"modified":"2024-11-14T23:50:22","modified_gmt":"2024-11-14T22:50:22","slug":"page-d-exemple","status":"publish","type":"page","link":"https:\/\/lislecitoyenne.fr\/","title":{"rendered":"Lisle citoyenne"},"content":{"rendered":"\n<h3 class=\"wp-block-heading\">La vie de la commune vous int\u00e9resse ?<\/h3>\n\n\n\n<p>Vous avez envie d&rsquo;y voir se d\u00e9velopper la solidarit\u00e9, la justice sociale, ou encore l&rsquo;\u00e9cologie ?<\/p>\n\n\n\n<p>Notre collectif s&rsquo;engage \u00e0 co-construire une proposition de fonctionnement communal participatif pour les municipales de 2026.<\/p>\n\n\n\n<p>Ensemble nous pouvons b\u00e2tir une communaut\u00e9 plus forte, unie autour de ces valeurs.<\/p>\n\n\n\n<div class=\"wp-block-buttons is-layout-flex wp-block-buttons-is-layout-flex\">\n<div class=\"wp-block-button\"><a class=\"wp-block-button__link wp-element-button\" href=\"https:\/\/lislecitoyenne.fr\/index.php\/contact\/\">Rejoignez-nous !<\/a><\/div>\n\n\n\n<div class=\"wp-block-button\"><a class=\"wp-block-button__link wp-element-button\" href=\"https:\/\/lislecitoyenne.fr\/index.php\/newsletter\/\">Newsletter<\/a><\/div>\n<\/div>\n","protected":false},"excerpt":{"rendered":"<p>La vie de la commune vous int\u00e9resse ? Vous avez envie d&rsquo;y voir se d\u00e9velopper la solidarit\u00e9, la justice sociale, ou encore l&rsquo;\u00e9cologie ? Notre collectif s&rsquo;engage \u00e0 co-construire une [&hellip;]<\/p>\n","protected":false},"author":1,"featured_media":11,"parent":0,"menu_order":0,"comment_status":"closed","ping_status":"open","template":"","meta":{"footnotes":""},"class_list":["post-2","page","type-page","status-publish","has-post-thumbnail","hentry"],"_links":{"self":[{"href":"https:\/\/lislecitoyenne.fr\/index.php\/wp-json\/wp\/v2\/pages\/2","targetHints":{"allow":["GET"]}}],"collection":[{"href":"https:\/\/lislecitoyenne.fr\/index.php\/wp-json\/wp\/v2\/pages"}],"about":[{"href":"https:\/\/lislecitoyenne.fr\/index.php\/wp-json\/wp\/v2\/types\/page"}],"author":[{"embeddable":true,"href":"https:\/\/lislecitoyenne.fr\/index.php\/wp-json\/wp\/v2\/users\/1"}],"replies":[{"embeddable":true,"href":"https:\/\/lislecitoyenne.fr\/index.php\/wp-json\/wp\/v2\/comments?post=2"}],"version-history":[{"count":6,"href":"https:\/\/lislecitoyenne.fr\/index.php\/wp-json\/wp\/v2\/pages\/2\/revisions"}],"predecessor-version":[{"id":108,"href":"https:\/\/lislecitoyenne.fr\/index.php\/wp-json\/wp\/v2\/pages\/2\/revisions\/108"}],"wp:featuredmedia":[{"embeddable":true,"href":"https:\/\/lislecitoyenne.fr\/index.php\/wp-json\/wp\/v2\/media\/11"}],"wp:attachment":[{"href":"https:\/\/lislecitoyenne.fr\/index.php\/wp-json\/wp\/v2\/media?parent=2"}],"curies":[{"name":"wp","href":"https:\/\/api.w.org\/{rel}","templated":true}]}}