{"id":3,"date":"2024-03-05T09:21:12","date_gmt":"2024-03-05T08:21:12","guid":{"rendered":"http:\/\/lislecitoyenne.fr\/?page_id=3"},"modified":"2024-11-14T23:57:05","modified_gmt":"2024-11-14T22:57:05","slug":"politique-de-confidentialite","status":"publish","type":"page","link":"https:\/\/lislecitoyenne.fr\/index.php\/politique-de-confidentialite\/","title":{"rendered":"Politique de confidentialit\u00e9"},"content":{"rendered":"\n<p>Bienvenue sur le site <strong>Lisle Citoyenne<\/strong>. Votre vie priv\u00e9e est importante pour nous. Cette politique de confidentialit\u00e9 explique comment nous collectons, utilisons et prot\u00e9geons vos donn\u00e9es personnelles lorsque vous utilisez notre site.<\/p>\n\n\n\n<h2 class=\"wp-block-heading\">Qui sommes-nous&nbsp;?<\/h2>\n\n\n\n<p>Notre site web est accessible \u00e0 l\u2019adresse suivante : <a href=\"https:\/\/lislecitoyenne.fr\">https:\/\/lislecitoyenne.fr<\/a>.<br>Nous repr\u00e9sentons un collectif citoyen engag\u00e9 pour une commune solidaire, \u00e9cologique et participative.<\/p>\n\n\n\n<h2 class=\"wp-block-heading\">Commentaires<\/h2>\n\n\n\n<p>Lorsque vous laissez un commentaire sur notre site, nous collectons les donn\u00e9es du formulaire de commentaire, votre adresse IP, et l\u2019agent utilisateur de votre navigateur. Ces informations nous aident \u00e0 d\u00e9tecter et pr\u00e9venir les commentaires ind\u00e9sirables.<\/p>\n\n\n\n<p>Apr\u00e8s validation de votre commentaire, votre photo de profil Gravatar sera visible publiquement \u00e0 c\u00f4t\u00e9 de votre commentaire.<\/p>\n\n\n\n<p>Une cha\u00eene anonymis\u00e9e (hash) cr\u00e9\u00e9e \u00e0 partir de votre adresse e-mail peut \u00eatre envoy\u00e9e au service Gravatar pour v\u00e9rifier si vous utilisez ce dernier. Consultez la politique de confidentialit\u00e9 de Gravatar ici : <a href=\"https:\/\/automattic.com\/privacy\/\">https:\/\/automattic.com\/privacy\/<\/a>.<\/p>\n\n\n\n<h2 class=\"wp-block-heading\">M\u00e9dias<\/h2>\n\n\n\n<p>Si vous t\u00e9l\u00e9versez des images sur notre site, \u00e9vitez d\u2019inclure des donn\u00e9es EXIF avec des coordonn\u00e9es GPS. Les visiteurs du site pourraient extraire ces informations.<\/p>\n\n\n\n<h2 class=\"wp-block-heading\">Cookies<\/h2>\n\n\n\n<p>Nous respectons votre vie priv\u00e9e et avons choisi de ne pas utiliser de cookies \u00e0 des fins de suivi ou de collecte de donn\u00e9es personnelles.<\/p>\n\n\n\n<p>Seuls des cookies strictement n\u00e9cessaires au fonctionnement du site peuvent \u00eatre utilis\u00e9s, par exemple pour permettre la navigation ou la gestion des connexions pour les administrateurs. Ces cookies :<\/p>\n\n\n\n<ul class=\"wp-block-list\">\n<li><strong>Ne collectent aucune donn\u00e9e personnelle.<\/strong><\/li>\n\n\n\n<li><strong>Ne sont pas conserv\u00e9s au-del\u00e0 de la session de navigation.<\/strong><\/li>\n<\/ul>\n\n\n\n<p>Nous ne conservons aucune donn\u00e9e relative \u00e0 votre navigation sur notre site et ne transmettons aucune information \u00e0 des tiers.<\/p>\n\n\n\n<h2 class=\"wp-block-heading\">Inscription \u00e0 la Newsletter<\/h2>\n\n\n\n<p>Lorsque vous vous inscrivez \u00e0 notre newsletter, nous collectons les informations suivantes :<\/p>\n\n\n\n<ul class=\"wp-block-list\">\n<li><strong>Votre adresse e-mail<\/strong> : pour vous envoyer les actualit\u00e9s et informations li\u00e9es \u00e0 Lisle Citoyenne.<\/li>\n\n\n\n<li><strong>Votre nom<\/strong> (facultatif) : pour personnaliser nos communications.<\/li>\n<\/ul>\n\n\n\n<h4 class=\"wp-block-heading\"><strong>Utilisation des donn\u00e9es<\/strong><\/h4>\n\n\n\n<p>Les informations collect\u00e9es sont exclusivement utilis\u00e9es pour :<\/p>\n\n\n\n<ul class=\"wp-block-list\">\n<li>Vous envoyer des newsletters et actualit\u00e9s pertinentes.<\/li>\n\n\n\n<li>Vous informer sur les \u00e9v\u00e9nements, projets, et initiatives de Lisle Citoyenne.<\/li>\n<\/ul>\n\n\n\n<p>Nous ne partageons vos donn\u00e9es avec aucun tiers et elles sont trait\u00e9es conform\u00e9ment \u00e0 notre engagement de confidentialit\u00e9.<\/p>\n\n\n\n<h4 class=\"wp-block-heading\"><strong>Dur\u00e9e de conservation<\/strong><\/h4>\n\n\n\n<p>Vos donn\u00e9es sont conserv\u00e9es aussi longtemps que vous \u00eates inscrit(e) \u00e0 la newsletter. Si vous choisissez de vous d\u00e9sinscrire, vos donn\u00e9es seront supprim\u00e9es imm\u00e9diatement.<\/p>\n\n\n\n<h4 class=\"wp-block-heading\"><strong>Droits et d\u00e9sabonnement<\/strong><\/h4>\n\n\n\n<p>Vous pouvez \u00e0 tout moment :<\/p>\n\n\n\n<ul class=\"wp-block-list\">\n<li><strong>Modifier vos informations personnelles<\/strong> via un lien inclus dans chaque e-mail.<\/li>\n\n\n\n<li><strong>Vous d\u00e9sabonner<\/strong> en cliquant sur le lien de d\u00e9sinscription situ\u00e9 en bas de chaque newsletter.<\/li>\n<\/ul>\n\n\n\n<p>Pour toute question ou assistance concernant la gestion de vos donn\u00e9es, contactez-nous via notre formulaire de contact.<\/p>\n\n\n\n<h4 class=\"wp-block-heading\"><strong>Service tiers<\/strong><\/h4>\n\n\n\n<p>Notre newsletter est g\u00e9r\u00e9e via \u00ab\u00a0The Newsletter Plugin\u00a0\u00bb. Ce service est conforme au RGPD et garantit la s\u00e9curit\u00e9 de vos donn\u00e9es. Pour plus d&rsquo;informations, consultez leur politique de confidentialit\u00e9 <a href=\"https:\/\/www.thenewsletterplugin.com\/legal\/privacy\">ici<\/a><\/p>\n\n\n\n<h2 class=\"wp-block-heading\">Contenu embarqu\u00e9 depuis d\u2019autres sites<\/h2>\n\n\n\n<p>Les articles de notre site peuvent inclure des contenus int\u00e9gr\u00e9s provenant d\u2019autres sites (vid\u00e9os, images, articles). Ces contenus se comportent comme si vous visitiez directement ces sites externes, qui pourraient :<\/p>\n\n\n\n<ul class=\"wp-block-list\">\n<li>Collecter des donn\u00e9es sur vous.<\/li>\n\n\n\n<li>Utiliser des cookies ou des outils de suivi tiers.<\/li>\n\n\n\n<li>Suivre vos interactions avec leurs contenus.<\/li>\n<\/ul>\n\n\n\n<p>Nous vous encourageons \u00e0 consulter leurs politiques de confidentialit\u00e9.<\/p>\n\n\n\n<h2 class=\"wp-block-heading\">Dur\u00e9es de stockage de vos donn\u00e9es<\/h2>\n\n\n\n<p>Les commentaires et leurs m\u00e9tadonn\u00e9es sont conserv\u00e9s ind\u00e9finiment pour permettre une meilleure gestion des interactions.Pour les utilisateurs inscrits, les informations du profil sont stock\u00e9es aussi longtemps que le compte reste actif. Vous pouvez modifier ou supprimer vos donn\u00e9es \u00e0 tout moment (\u00e0 l\u2019exception de votre identifiant).<\/p>\n\n\n\n<h2 class=\"wp-block-heading\">Les droits que vous avez sur vos donn\u00e9es<\/h2>\n\n\n\n<p>Conform\u00e9ment au RGPD, vous avez les droits suivants :<\/p>\n\n\n\n<ul class=\"wp-block-list\">\n<li>Acc\u00e9der \u00e0 vos donn\u00e9es personnelles.<\/li>\n\n\n\n<li>Demander la modification ou la suppression de vos donn\u00e9es.<\/li>\n\n\n\n<li>Recevoir une copie de vos donn\u00e9es dans un format portable.<\/li>\n<\/ul>\n\n\n\n<p>Pour exercer ces droits, veuillez nous contacter via notre formulaire de contact.<\/p>\n\n\n\n<h2 class=\"wp-block-heading\">Transmission de vos donn\u00e9es personnelles<\/h2>\n\n\n\n<p>Les donn\u00e9es des commentaires peuvent \u00eatre v\u00e9rifi\u00e9es via des services automatis\u00e9s pour d\u00e9tecter les commentaires ind\u00e9sirables.<\/p>\n\n\n\n<h2 class=\"wp-block-heading\">S\u00e9curit\u00e9 des donn\u00e9es<\/h2>\n\n\n\n<p>Nous mettons en \u0153uvre des mesures techniques et organisationnelles pour prot\u00e9ger vos donn\u00e9es contre tout acc\u00e8s non autoris\u00e9, perte ou divulgation.<\/p>\n\n\n\n<h2 class=\"wp-block-heading\">Contact<\/h2>\n\n\n\n<p>Pour toute question ou demande concernant vos donn\u00e9es personnelles, contactez-nous via le formulaire de contact.<\/p>\n\n\n\n<h2 class=\"wp-block-heading\">Mises \u00e0 jour de cette politique<\/h2>\n\n\n\n<p>Cette politique de confidentialit\u00e9 peut \u00eatre mise \u00e0 jour \u00e0 tout moment. Nous vous encourageons \u00e0 la consulter r\u00e9guli\u00e8rement pour rester inform\u00e9(e) des changements.<\/p>\n","protected":false},"excerpt":{"rendered":"<p>Bienvenue sur le site Lisle Citoyenne. Votre vie priv\u00e9e est importante pour nous. Cette politique de confidentialit\u00e9 explique comment nous collectons, utilisons et prot\u00e9geons vos donn\u00e9es personnelles lorsque vous utilisez [&hellip;]<\/p>\n","protected":false},"author":1,"featured_media":0,"parent":0,"menu_order":0,"comment_status":"closed","ping_status":"open","template":"","meta":{"footnotes":""},"class_list":["post-3","page","type-page","status-publish","hentry"],"_links":{"self":[{"href":"https:\/\/lislecitoyenne.fr\/index.php\/wp-json\/wp\/v2\/pages\/3","targetHints":{"allow":["GET"]}}],"collection":[{"href":"https:\/\/lislecitoyenne.fr\/index.php\/wp-json\/wp\/v2\/pages"}],"about":[{"href":"https:\/\/lislecitoyenne.fr\/index.php\/wp-json\/wp\/v2\/types\/page"}],"author":[{"embeddable":true,"href":"https:\/\/lislecitoyenne.fr\/index.php\/wp-json\/wp\/v2\/users\/1"}],"replies":[{"embeddable":true,"href":"https:\/\/lislecitoyenne.fr\/index.php\/wp-json\/wp\/v2\/comments?post=3"}],"version-history":[{"count":5,"href":"https:\/\/lislecitoyenne.fr\/index.php\/wp-json\/wp\/v2\/pages\/3\/revisions"}],"predecessor-version":[{"id":110,"href":"https:\/\/lislecitoyenne.fr\/index.php\/wp-json\/wp\/v2\/pages\/3\/revisions\/110"}],"wp:attachment":[{"href":"https:\/\/lislecitoyenne.fr\/index.php\/wp-json\/wp\/v2\/media?parent=3"}],"curies":[{"name":"wp","href":"https:\/\/api.w.org\/{rel}","templated":true}]}}