{"id":57,"date":"2024-09-18T16:33:57","date_gmt":"2024-09-18T14:33:57","guid":{"rendered":"https:\/\/lislecitoyenne.fr\/?page_id=57"},"modified":"2024-09-18T16:33:57","modified_gmt":"2024-09-18T14:33:57","slug":"comment-ca-fonctionne","status":"publish","type":"page","link":"https:\/\/lislecitoyenne.fr\/index.php\/comment-ca-fonctionne\/","title":{"rendered":"Comment \u00e7a fonctionne ?"},"content":{"rendered":"\n<p>Pour faire vivre le groupe, nous nous r\u00e9unissons r\u00e9guli\u00e8rement et nous mettons en \u0153uvre des outils permettant des \u00e9changes respectueux et une prise de parole pour tous.<\/p>\n\n\n\n<h2 class=\"wp-block-heading\">Animation<\/h2>\n\n\n\n<p>La pr\u00e9paration et l&rsquo;animation des r\u00e9unions permet d&rsquo;\u00e9viter que la prise de paroles soit monopolis\u00e9e par les personnes les plus \u00e0 l&rsquo;aise \u00e0 l&rsquo;oral. Nous respectons un tour de parole et privil\u00e9gions l&rsquo;alternance entre hommes et femmes ainsi que des prises de paroles courtes.<\/p>\n\n\n\n<h2 class=\"wp-block-heading\">Groupes de travail<\/h2>\n\n\n\n<p>Nous travaillons \u00e9galement en petits groupes pour avancer sur des sujets concrets et reportons les avanc\u00e9es de chaque groupe \u00e0 la r\u00e9union mensuelle.<\/p>\n\n\n\n<h2 class=\"wp-block-heading\">Vote par consentement<\/h2>\n\n\n\n<p>Les prises de d\u00e9cision se font gr\u00e2ce au vote par consentement.<\/p>\n\n\n\n<figure class=\"wp-block-image size-large\"><img loading=\"lazy\" decoding=\"async\" width=\"641\" height=\"1024\" src=\"https:\/\/lislecitoyenne.fr\/wp-content\/uploads\/2024\/09\/GestionParConsentement-641x1024.png\" alt=\"Mode d'emploi de la gestion par consentement\" class=\"wp-image-58\" srcset=\"https:\/\/lislecitoyenne.fr\/wp-content\/uploads\/2024\/09\/GestionParConsentement-641x1024.png 641w, https:\/\/lislecitoyenne.fr\/wp-content\/uploads\/2024\/09\/GestionParConsentement-188x300.png 188w, https:\/\/lislecitoyenne.fr\/wp-content\/uploads\/2024\/09\/GestionParConsentement-768x1226.png 768w, https:\/\/lislecitoyenne.fr\/wp-content\/uploads\/2024\/09\/GestionParConsentement-962x1536.png 962w, https:\/\/lislecitoyenne.fr\/wp-content\/uploads\/2024\/09\/GestionParConsentement.png 1024w\" sizes=\"auto, (max-width: 641px) 100vw, 641px\" \/><figcaption class=\"wp-element-caption\">Universit\u00e9 du Nous &#8211; Fran\u00e7ois Piranda<\/figcaption><\/figure>\n\n\n\n<h2 class=\"wp-block-heading\">Jugement majoritaire<\/h2>\n\n\n\n<p>Et si nous devons voter, nous privil\u00e9gions le vote au jugement majoritaire. <\/p>\n\n\n\n<figure class=\"wp-block-image size-full\"><img loading=\"lazy\" decoding=\"async\" width=\"620\" height=\"389\" src=\"https:\/\/lislecitoyenne.fr\/wp-content\/uploads\/2024\/09\/Dans-l-exemple-retenu-sur-le-site-de-la-primaire-populaire-c-est-la-peche-qui-obtient-la-meilleure-mention-majoritaire.jpg\" alt=\"\" class=\"wp-image-59\" srcset=\"https:\/\/lislecitoyenne.fr\/wp-content\/uploads\/2024\/09\/Dans-l-exemple-retenu-sur-le-site-de-la-primaire-populaire-c-est-la-peche-qui-obtient-la-meilleure-mention-majoritaire.jpg 620w, https:\/\/lislecitoyenne.fr\/wp-content\/uploads\/2024\/09\/Dans-l-exemple-retenu-sur-le-site-de-la-primaire-populaire-c-est-la-peche-qui-obtient-la-meilleure-mention-majoritaire-300x188.jpg 300w\" sizes=\"auto, (max-width: 620px) 100vw, 620px\" \/><\/figure>\n\n\n\n<h2 class=\"wp-block-heading\">Tirage au sort<\/h2>\n\n\n\n<p>Nous sommes \u00e9galement convaincus des bienfaits du tirage au sort pour augmenter la repr\u00e9sentativit\u00e9 dans les d\u00e9cisions collectives.<\/p>\n","protected":false},"excerpt":{"rendered":"<p>Pour faire vivre le groupe, nous nous r\u00e9unissons r\u00e9guli\u00e8rement et nous mettons en \u0153uvre des outils permettant des \u00e9changes respectueux et une prise de parole pour tous. Animation La pr\u00e9paration [&hellip;]<\/p>\n","protected":false},"author":1,"featured_media":0,"parent":0,"menu_order":0,"comment_status":"closed","ping_status":"closed","template":"","meta":{"footnotes":""},"class_list":["post-57","page","type-page","status-publish","hentry"],"_links":{"self":[{"href":"https:\/\/lislecitoyenne.fr\/index.php\/wp-json\/wp\/v2\/pages\/57","targetHints":{"allow":["GET"]}}],"collection":[{"href":"https:\/\/lislecitoyenne.fr\/index.php\/wp-json\/wp\/v2\/pages"}],"about":[{"href":"https:\/\/lislecitoyenne.fr\/index.php\/wp-json\/wp\/v2\/types\/page"}],"author":[{"embeddable":true,"href":"https:\/\/lislecitoyenne.fr\/index.php\/wp-json\/wp\/v2\/users\/1"}],"replies":[{"embeddable":true,"href":"https:\/\/lislecitoyenne.fr\/index.php\/wp-json\/wp\/v2\/comments?post=57"}],"version-history":[{"count":1,"href":"https:\/\/lislecitoyenne.fr\/index.php\/wp-json\/wp\/v2\/pages\/57\/revisions"}],"predecessor-version":[{"id":60,"href":"https:\/\/lislecitoyenne.fr\/index.php\/wp-json\/wp\/v2\/pages\/57\/revisions\/60"}],"wp:attachment":[{"href":"https:\/\/lislecitoyenne.fr\/index.php\/wp-json\/wp\/v2\/media?parent=57"}],"curies":[{"name":"wp","href":"https:\/\/api.w.org\/{rel}","templated":true}]}}