{"id":75,"date":"2024-09-18T17:35:18","date_gmt":"2024-09-18T15:35:18","guid":{"rendered":"https:\/\/lislecitoyenne.fr\/?page_id=75"},"modified":"2024-09-19T13:22:16","modified_gmt":"2024-09-19T11:22:16","slug":"ressources","status":"publish","type":"page","link":"https:\/\/lislecitoyenne.fr\/index.php\/ressources\/","title":{"rendered":"Ressources"},"content":{"rendered":"\n<h4 class=\"wp-block-heading\">Tableau de comp\u00e9tences d&rsquo;une commune<\/h4>\n\n\n\n<div class=\"wp-block-file\"><a id=\"wp-block-file--media-7d8fe99a-35d3-4138-bbd9-6b432e479b84\" href=\"https:\/\/lislecitoyenne.fr\/wp-content\/uploads\/2024\/09\/tableau_de_competences-novembre2019.pdf\" target=\"_blank\" rel=\"noreferrer noopener\">PDF &#8211; 936,0&nbsp;Ko<\/a><a href=\"https:\/\/lislecitoyenne.fr\/wp-content\/uploads\/2024\/09\/tableau_de_competences-novembre2019.pdf\" class=\"wp-block-file__button wp-element-button\" download aria-describedby=\"wp-block-file--media-7d8fe99a-35d3-4138-bbd9-6b432e479b84\">T\u00e9l\u00e9charger<\/a><\/div>\n\n\n\n<h4 class=\"wp-block-heading\">Mode de d\u00e9cision du collectif<\/h4>\n\n\n\n<div class=\"wp-block-file\"><a id=\"wp-block-file--media-b55b143c-cc74-4b82-a7f5-6de63868259f\" href=\"https:\/\/lislecitoyenne.fr\/wp-content\/uploads\/2024\/09\/2023-09-03-Mode-de-decision-2.pdf\" target=\"_blank\" rel=\"noreferrer noopener\">PDF &#8211; 112,5&nbsp;Ko<\/a><a href=\"https:\/\/lislecitoyenne.fr\/wp-content\/uploads\/2024\/09\/2023-09-03-Mode-de-decision-2.pdf\" class=\"wp-block-file__button wp-element-button\" download aria-describedby=\"wp-block-file--media-b55b143c-cc74-4b82-a7f5-6de63868259f\">T\u00e9l\u00e9charger<\/a><\/div>\n\n\n\n<h4 class=\"wp-block-heading\">Histoire et d\u00e9mographie de Lisle sur Tarn<\/h4>\n\n\n\n<div class=\"wp-block-file\"><a id=\"wp-block-file--media-f93a6716-5ff1-4bf5-a6f8-4752a0ec8514\" href=\"https:\/\/lislecitoyenne.fr\/wp-content\/uploads\/2024\/09\/Histoire-et-demographie-de-Lisle-sur-Tarn.pdf\" target=\"_blank\" rel=\"noreferrer noopener\">PDF &#8211; 1,8&nbsp;Mo<\/a><a href=\"https:\/\/lislecitoyenne.fr\/wp-content\/uploads\/2024\/09\/Histoire-et-demographie-de-Lisle-sur-Tarn.pdf\" class=\"wp-block-file__button wp-element-button\" download aria-describedby=\"wp-block-file--media-f93a6716-5ff1-4bf5-a6f8-4752a0ec8514\">T\u00e9l\u00e9charger<\/a><\/div>\n\n\n\n<h4 class=\"wp-block-heading\"><a href=\"https:\/\/www.tarn.gouv.fr\/Actions-de-l-Etat\/Amenagement-du-territoire-construction-logement-urbanisme-commercial\/Connaissance-du-territoire\/Connaissance-du-territoire\/Information-geographique\/Atlas-cartographique-du-Tarn\">Atlas cartographique du Tarn<\/a><\/h4>\n","protected":false},"excerpt":{"rendered":"<p>Tableau de comp\u00e9tences d&rsquo;une commune Mode de d\u00e9cision du collectif Histoire et d\u00e9mographie de Lisle sur Tarn Atlas cartographique du Tarn<\/p>\n","protected":false},"author":1,"featured_media":0,"parent":0,"menu_order":0,"comment_status":"closed","ping_status":"closed","template":"","meta":{"footnotes":""},"class_list":["post-75","page","type-page","status-publish","hentry"],"_links":{"self":[{"href":"https:\/\/lislecitoyenne.fr\/index.php\/wp-json\/wp\/v2\/pages\/75","targetHints":{"allow":["GET"]}}],"collection":[{"href":"https:\/\/lislecitoyenne.fr\/index.php\/wp-json\/wp\/v2\/pages"}],"about":[{"href":"https:\/\/lislecitoyenne.fr\/index.php\/wp-json\/wp\/v2\/types\/page"}],"author":[{"embeddable":true,"href":"https:\/\/lislecitoyenne.fr\/index.php\/wp-json\/wp\/v2\/users\/1"}],"replies":[{"embeddable":true,"href":"https:\/\/lislecitoyenne.fr\/index.php\/wp-json\/wp\/v2\/comments?post=75"}],"version-history":[{"count":4,"href":"https:\/\/lislecitoyenne.fr\/index.php\/wp-json\/wp\/v2\/pages\/75\/revisions"}],"predecessor-version":[{"id":95,"href":"https:\/\/lislecitoyenne.fr\/index.php\/wp-json\/wp\/v2\/pages\/75\/revisions\/95"}],"wp:attachment":[{"href":"https:\/\/lislecitoyenne.fr\/index.php\/wp-json\/wp\/v2\/media?parent=75"}],"curies":[{"name":"wp","href":"https:\/\/api.w.org\/{rel}","templated":true}]}}