{"id":8,"date":"2024-09-18T15:40:53","date_gmt":"2024-09-18T13:40:53","guid":{"rendered":"https:\/\/lislecitoyenne.fr\/?page_id=8"},"modified":"2024-12-10T17:32:40","modified_gmt":"2024-12-10T16:32:40","slug":"contact","status":"publish","type":"page","link":"https:\/\/lislecitoyenne.fr\/index.php\/contact\/","title":{"rendered":"Contact"},"content":{"rendered":"\n<h2 class=\"wp-block-heading\">Pourquoi on a besoin de vous ?<\/h2>\n\n\n\n<p>D&rsquo;une part, nous n&rsquo;avons pas la pr\u00e9tention de tout savoir. Nous avons donc besoin de vos connaissances, de vos savoirs-faire, de votre r\u00e9seau. La cl\u00e9, c&rsquo;est le partage !&nbsp;<\/p>\n\n\n\n<p>D&rsquo;autre part, nous pensons qu&rsquo;un projet pertinent est un projet qui int\u00e8gre les besoins et les visions diff\u00e9rentes qui existent \u00e0 son sujet. Pour cela, il faut pouvoir entendre les voix et ressentis d&rsquo;un maximum de personnes concern\u00e9es ! Si l&rsquo;\u00e9coute n&rsquo;est pas la promesse d&rsquo;une r\u00e9ponse miraculeuse, c&rsquo;est la condition n\u00e9cessaire pour pouvoir imaginer des propositions que le collectif pourra s&rsquo;engager \u00e0 porter.<\/p>\n\n\n\n<p>Enfin, soyons r\u00e9alistes : s&rsquo;investir dans sa commune demande du temps et de l&rsquo;\u00e9nergie. Pour que la politique ne soit pas r\u00e9serv\u00e9e \u00e0 celles et ceux qui ont un temps plein \u00e0 y consacrer, il faut que chaque personne puisse s&rsquo;engager \u00e0 la mesure de son temps et de ses envies. <br>Et on le sait : un chantier avance plus vite avec 10 personnes qu&rsquo;avec 2, et c&rsquo;est souvent plus convivial ! En se r\u00e9partissant les projets en fonction de nos envies et de nos connaissances respectives, nous partageons l&rsquo;effort et gardons du temps pour le r\u00e9confort !<\/p>\n\n\n\n<h2 class=\"wp-block-heading\">Comment participer ?<\/h2>\n\n\n\n<h3 class=\"wp-block-heading\">Un peu<\/h3>\n\n\n\n<p>Tu peux demander \u00e0 \u00eatre inform\u00e9\u00b7e de nos avanc\u00e9es et de nos actions, nous envoyer un courriel pour nous soutenir (\u00e7a fait toujours plaisir) ou avec la liste de tes envies pour la commune. Tu peux enfin en parler autour de toi.<\/p>\n\n\n\n<h3 class=\"wp-block-heading\">Beaucoup<\/h3>\n\n\n\n<p>Tu peux demander un temps de rencontre pour discuter avec nous du projet, tu peux nous soumettre des envies et des informations sur le fonctionnement de la commune ou de ton quartier.<\/p>\n\n\n\n<h3 class=\"wp-block-heading\">A la folie<\/h3>\n\n\n\n<p>Tu peux venir \u00e0 nos r\u00e9unions qui sont ouvertes et participer aux \u00e9changes et \u00e0 la construction de cet aventure. Tu peux rejoindre une commission th\u00e9matique.<\/p>\n\n\n\n<div class=\"wp-block-contact-form-7-contact-form-selector\">\n<div class=\"wpcf7 no-js\" id=\"wpcf7-f63-o1\" lang=\"fr-FR\" dir=\"ltr\" data-wpcf7-id=\"63\">\n<div class=\"screen-reader-response\"><p role=\"status\" aria-live=\"polite\" aria-atomic=\"true\"><\/p> <ul><\/ul><\/div>\n<form action=\"\/index.php\/wp-json\/wp\/v2\/pages\/8#wpcf7-f63-o1\" method=\"post\" class=\"wpcf7-form init\" aria-label=\"Formulaire de contact\" novalidate=\"novalidate\" data-status=\"init\">\n<fieldset class=\"hidden-fields-container\"><input type=\"hidden\" name=\"_wpcf7\" value=\"63\" \/><input type=\"hidden\" name=\"_wpcf7_version\" value=\"6.1.5\" \/><input type=\"hidden\" name=\"_wpcf7_locale\" value=\"fr_FR\" \/><input type=\"hidden\" name=\"_wpcf7_unit_tag\" value=\"wpcf7-f63-o1\" \/><input type=\"hidden\" name=\"_wpcf7_container_post\" value=\"0\" \/><input type=\"hidden\" name=\"_wpcf7_posted_data_hash\" value=\"\" \/>\n<\/fieldset>\n<p><label> Votre nom<br \/>\n<span class=\"wpcf7-form-control-wrap\" data-name=\"your-name\"><input size=\"40\" maxlength=\"400\" class=\"wpcf7-form-control wpcf7-text wpcf7-validates-as-required\" autocomplete=\"name\" aria-required=\"true\" aria-invalid=\"false\" value=\"\" type=\"text\" name=\"your-name\" \/><\/span> <\/label>\n<\/p>\n<p><label> Votre e-mail<br \/>\n<span class=\"wpcf7-form-control-wrap\" data-name=\"your-email\"><input size=\"40\" maxlength=\"400\" class=\"wpcf7-form-control wpcf7-email wpcf7-validates-as-required wpcf7-text wpcf7-validates-as-email\" autocomplete=\"email\" aria-required=\"true\" aria-invalid=\"false\" value=\"\" type=\"email\" name=\"your-email\" \/><\/span> <\/label>\n<\/p>\n<p><label> Objet<br \/>\n<span class=\"wpcf7-form-control-wrap\" data-name=\"your-subject\"><input size=\"40\" maxlength=\"400\" class=\"wpcf7-form-control wpcf7-text wpcf7-validates-as-required\" aria-required=\"true\" aria-invalid=\"false\" value=\"\" type=\"text\" name=\"your-subject\" \/><\/span> <\/label>\n<\/p>\n<p><label> Votre message (facultatif)<br \/>\n<span class=\"wpcf7-form-control-wrap\" data-name=\"your-message\"><textarea cols=\"40\" rows=\"10\" maxlength=\"2000\" class=\"wpcf7-form-control wpcf7-textarea\" aria-invalid=\"false\" name=\"your-message\"><\/textarea><\/span> <\/label>\n<\/p>\n<p><input class=\"wpcf7-form-control wpcf7-submit has-spinner\" type=\"submit\" value=\"Envoyer\" \/>\n<\/p><div class=\"wpcf7-response-output\" aria-hidden=\"true\"><\/div>\n<\/form>\n<\/div>\n<\/div>\n\n\n\n<div class=\"wp-block-buttons is-layout-flex wp-block-buttons-is-layout-flex\"><\/div>\n\n\n\n<div class=\"wp-block-buttons is-layout-flex wp-block-buttons-is-layout-flex\">\n<div class=\"wp-block-button is-style-fill\"><a class=\"wp-block-button__link wp-element-button\" href=\"https:\/\/www.helloasso.com\/associations\/lisle-citoyenne\/adhesions\/adhesion-lislecitoyenne\">Nous rejoindre<\/a><\/div>\n<\/div>\n","protected":false},"excerpt":{"rendered":"<p>Pourquoi on a besoin de vous ? D&rsquo;une part, nous n&rsquo;avons pas la pr\u00e9tention de tout savoir. Nous avons donc besoin de vos connaissances, de vos savoirs-faire, de votre r\u00e9seau. [&hellip;]<\/p>\n","protected":false},"author":1,"featured_media":0,"parent":0,"menu_order":0,"comment_status":"closed","ping_status":"closed","template":"","meta":{"footnotes":""},"class_list":["post-8","page","type-page","status-publish","hentry"],"_links":{"self":[{"href":"https:\/\/lislecitoyenne.fr\/index.php\/wp-json\/wp\/v2\/pages\/8","targetHints":{"allow":["GET"]}}],"collection":[{"href":"https:\/\/lislecitoyenne.fr\/index.php\/wp-json\/wp\/v2\/pages"}],"about":[{"href":"https:\/\/lislecitoyenne.fr\/index.php\/wp-json\/wp\/v2\/types\/page"}],"author":[{"embeddable":true,"href":"https:\/\/lislecitoyenne.fr\/index.php\/wp-json\/wp\/v2\/users\/1"}],"replies":[{"embeddable":true,"href":"https:\/\/lislecitoyenne.fr\/index.php\/wp-json\/wp\/v2\/comments?post=8"}],"version-history":[{"count":7,"href":"https:\/\/lislecitoyenne.fr\/index.php\/wp-json\/wp\/v2\/pages\/8\/revisions"}],"predecessor-version":[{"id":144,"href":"https:\/\/lislecitoyenne.fr\/index.php\/wp-json\/wp\/v2\/pages\/8\/revisions\/144"}],"wp:attachment":[{"href":"https:\/\/lislecitoyenne.fr\/index.php\/wp-json\/wp\/v2\/media?parent=8"}],"curies":[{"name":"wp","href":"https:\/\/api.w.org\/{rel}","templated":true}]}}